{"id":5757,"date":"2023-12-28T13:44:51","date_gmt":"2023-12-28T13:44:51","guid":{"rendered":"http:\/\/azmet.com.tr\/?page_id=5757"},"modified":"2026-02-24T21:21:21","modified_gmt":"2026-02-24T21:21:21","slug":"about-us","status":"publish","type":"page","link":"http:\/\/azmet.com.tr\/?page_id=5757","title":{"rendered":"Hakk\u0131m\u0131zda"},"content":{"rendered":"<p><img decoding=\"async\" src=\"http:\/\/azmet.com.tr\/wp-content\/uploads\/2023\/12\/logo.png\" alt=\"\" width=\"166\" height=\"195\" \/><\/p>\n<h2>Hakk\u0131m\u0131zda<\/h2>\n<p>\u015eirketimiz 1982 y\u0131l\u0131nda kurulmu\u015ftur. \u00dcretim hayat\u0131na o y\u0131llarda plastik oyuncak \u00fcretimiyle ba\u015flayan \u015firketimiz, uzun y\u0131llar sekt\u00f6rde lider konumda yer alm\u0131\u015ft\u0131r.<\/p>\n<p>2002 y\u0131l\u0131nda draje \u015fekerleme \u00fcretimine ba\u015flayan \u015firketimiz, b\u00f6ylece \u015fekerleme oyuncaklar\u0131 konseptine ge\u00e7mi\u015ftir.<\/p>\n<p>2012 y\u0131l\u0131nda kakao f\u0131nd\u0131k kremas\u0131 \u00fcretim tesislerini ve 2017 y\u0131l\u0131nda da sak\u0131z \u00fcretim tesislerini kurmu\u015ftur.<\/p>\n<p>\u00dcr\u00fcn yelpazesini her ge\u00e7en g\u00fcn geli\u015ftiren AZMET, sekt\u00f6rde lider bir \u015firket haline gelmi\u015ftir.<\/p>\n<p>35&#8217;ten fazla \u00fclkeye ihracat yapan \u015firketimiz, m\u00fc\u015fteri memnuniyetine ve kaliteye \u00f6ncelik vermektedir.<\/p>\n","protected":false},"excerpt":{"rendered":"<p>Hakk\u0131m\u0131zda \u015eirketimiz 1982 y\u0131l\u0131nda kurulmu\u015ftur. \u00dcretim hayat\u0131na o y\u0131llarda plastik oyuncak \u00fcretimiyle ba\u015flayan \u015firketimiz, uzun y\u0131llar sekt\u00f6rde lider konumda yer alm\u0131\u015ft\u0131r. 2002 y\u0131l\u0131nda draje \u015fekerleme \u00fcretimine ba\u015flayan \u015firketimiz, b\u00f6ylece \u015fekerleme oyuncaklar\u0131 konseptine ge\u00e7mi\u015ftir. 2012 y\u0131l\u0131nda kakao f\u0131nd\u0131k kremas\u0131 \u00fcretim tesislerini ve 2017 y\u0131l\u0131nda da sak\u0131z \u00fcretim tesislerini kurmu\u015ftur. \u00dcr\u00fcn yelpazesini her ge\u00e7en g\u00fcn geli\u015ftiren AZMET, [&hellip;]<\/p>\n","protected":false},"author":1,"featured_media":0,"parent":0,"menu_order":0,"comment_status":"closed","ping_status":"closed","template":"","meta":{"site-sidebar-layout":"no-sidebar","site-content-layout":"page-builder","ast-site-content-layout":"full-width-container","site-content-style":"default","site-sidebar-style":"default","ast-global-header-display":"","ast-banner-title-visibility":"","ast-main-header-display":"","ast-hfb-above-header-display":"","ast-hfb-below-header-display":"","ast-hfb-mobile-header-display":"","site-post-title":"disabled","ast-breadcrumbs-content":"","ast-featured-img":"disabled","footer-sml-layout":"","ast-disable-related-posts":"","theme-transparent-header-meta":"","adv-header-id-meta":"","stick-header-meta":"","header-above-stick-meta":"","header-main-stick-meta":"","header-below-stick-meta":"","astra-migrate-meta-layouts":"set","ast-page-background-enabled":"default","ast-page-background-meta":{"desktop":{"background-color":"","background-image":"","background-repeat":"repeat","background-position":"center center","background-size":"auto","background-attachment":"scroll","background-type":"","background-media":"","overlay-type":"","overlay-color":"","overlay-opacity":"","overlay-gradient":""},"tablet":{"background-color":"","background-image":"","background-repeat":"repeat","background-position":"center center","background-size":"auto","background-attachment":"scroll","background-type":"","background-media":"","overlay-type":"","overlay-color":"","overlay-opacity":"","overlay-gradient":""},"mobile":{"background-color":"","background-image":"","background-repeat":"repeat","background-position":"center center","background-size":"auto","background-attachment":"scroll","background-type":"","background-media":"","overlay-type":"","overlay-color":"","overlay-opacity":"","overlay-gradient":""}},"ast-content-background-meta":{"desktop":{"background-color":"var(--ast-global-color-5)","background-image":"","background-repeat":"repeat","background-position":"center center","background-size":"auto","background-attachment":"scroll","background-type":"","background-media":"","overlay-type":"","overlay-color":"","overlay-opacity":"","overlay-gradient":""},"tablet":{"background-color":"var(--ast-global-color-5)","background-image":"","background-repeat":"repeat","background-position":"center center","background-size":"auto","background-attachment":"scroll","background-type":"","background-media":"","overlay-type":"","overlay-color":"","overlay-opacity":"","overlay-gradient":""},"mobile":{"background-color":"var(--ast-global-color-5)","background-image":"","background-repeat":"repeat","background-position":"center center","background-size":"auto","background-attachment":"scroll","background-type":"","background-media":"","overlay-type":"","overlay-color":"","overlay-opacity":"","overlay-gradient":""}},"footnotes":""},"class_list":["post-5757","page","type-page","status-publish","hentry"],"aioseo_notices":[],"_links":{"self":[{"href":"http:\/\/azmet.com.tr\/index.php?rest_route=\/wp\/v2\/pages\/5757","targetHints":{"allow":["GET"]}}],"collection":[{"href":"http:\/\/azmet.com.tr\/index.php?rest_route=\/wp\/v2\/pages"}],"about":[{"href":"http:\/\/azmet.com.tr\/index.php?rest_route=\/wp\/v2\/types\/page"}],"author":[{"embeddable":true,"href":"http:\/\/azmet.com.tr\/index.php?rest_route=\/wp\/v2\/users\/1"}],"replies":[{"embeddable":true,"href":"http:\/\/azmet.com.tr\/index.php?rest_route=%2Fwp%2Fv2%2Fcomments&post=5757"}],"version-history":[{"count":28,"href":"http:\/\/azmet.com.tr\/index.php?rest_route=\/wp\/v2\/pages\/5757\/revisions"}],"predecessor-version":[{"id":6010,"href":"http:\/\/azmet.com.tr\/index.php?rest_route=\/wp\/v2\/pages\/5757\/revisions\/6010"}],"wp:attachment":[{"href":"http:\/\/azmet.com.tr\/index.php?rest_route=%2Fwp%2Fv2%2Fmedia&parent=5757"}],"curies":[{"name":"wp","href":"https:\/\/api.w.org\/{rel}","templated":true}]}}